{"id":112,"date":"2022-10-06T15:58:49","date_gmt":"2022-10-06T13:58:49","guid":{"rendered":"http:\/\/club-informatique-chapelle-rablais.fr\/?page_id=112"},"modified":"2022-12-07T09:53:29","modified_gmt":"2022-12-07T08:53:29","slug":"tablette-smarphone","status":"publish","type":"page","link":"https:\/\/club-informatique-chapelle-rablais.fr\/index.php\/tablette-smarphone\/","title":{"rendered":"Tablette &#8211; Smarphone"},"content":{"rendered":"\n<h2 class=\"has-text-align-center has-background has-large-font-size wp-block-heading\" style=\"background:radial-gradient(rgb(252,185,0) 43%,rgb(255,105,0) 100%)\"><strong>Tablette &#8211; Smartphone anim\u00e9 par Domi et Louisette<\/strong><\/h2>\n\n\n\n<p>Cette page est en cours \u00e9criture<\/p>\n\n\n\n<p class=\"has-text-align-center has-medium-font-size\">Vous voulez tout savoir sur votre smartphone, ses applications, son agenda, son appareil photo, vous allez apprendre tout sur cet ordinateur miniature int\u00e9grant un t\u00e9l\u00e9phone.<\/p>\n\n\n\n<p class=\"has-text-align-center has-medium-font-size\">Nous ferons aussi une approche de la tablette, outil de travail et de loisirs qui peut \u00eatre emport\u00e9e partout et qui vous simplifiera la vie.<\/p>\n\n\n\n<div class=\"wp-block-media-text alignwide is-stacked-on-mobile is-image-fill\" style=\"grid-template-columns:51% auto\"><figure class=\"wp-block-media-text__media\" style=\"background-image:url(https:\/\/club-informatique-chapelle-rablais.fr\/wp-content\/uploads\/2022\/12\/Dominique-867x1024.jpg);background-position:50% 50%\"><img loading=\"lazy\" decoding=\"async\" width=\"867\" height=\"1024\" src=\"https:\/\/club-informatique-chapelle-rablais.fr\/wp-content\/uploads\/2022\/12\/Dominique-867x1024.jpg\" alt=\"\" class=\"wp-image-279 size-full\" srcset=\"https:\/\/club-informatique-chapelle-rablais.fr\/wp-content\/uploads\/2022\/12\/Dominique-867x1024.jpg 867w, https:\/\/club-informatique-chapelle-rablais.fr\/wp-content\/uploads\/2022\/12\/Dominique-254x300.jpg 254w, https:\/\/club-informatique-chapelle-rablais.fr\/wp-content\/uploads\/2022\/12\/Dominique-768x907.jpg 768w, https:\/\/club-informatique-chapelle-rablais.fr\/wp-content\/uploads\/2022\/12\/Dominique-1301x1536.jpg 1301w, https:\/\/club-informatique-chapelle-rablais.fr\/wp-content\/uploads\/2022\/12\/Dominique-1735x2048.jpg 1735w\" sizes=\"auto, (max-width: 867px) 100vw, 867px\" \/><\/figure><div class=\"wp-block-media-text__content\">\n<p><\/p>\n\n\n\n<figure class=\"wp-block-image size-large is-resized\"><img loading=\"lazy\" decoding=\"async\" src=\"https:\/\/club-informatique-chapelle-rablais.fr\/wp-content\/uploads\/2022\/11\/louisette2.1jpg-893x1024.jpg\" alt=\"\" class=\"wp-image-247\" width=\"609\" height=\"698\" srcset=\"https:\/\/club-informatique-chapelle-rablais.fr\/wp-content\/uploads\/2022\/11\/louisette2.1jpg-893x1024.jpg 893w, https:\/\/club-informatique-chapelle-rablais.fr\/wp-content\/uploads\/2022\/11\/louisette2.1jpg-262x300.jpg 262w, https:\/\/club-informatique-chapelle-rablais.fr\/wp-content\/uploads\/2022\/11\/louisette2.1jpg-768x881.jpg 768w, https:\/\/club-informatique-chapelle-rablais.fr\/wp-content\/uploads\/2022\/11\/louisette2.1jpg-1340x1536.jpg 1340w, https:\/\/club-informatique-chapelle-rablais.fr\/wp-content\/uploads\/2022\/11\/louisette2.1jpg.jpg 1494w\" sizes=\"auto, (max-width: 609px) 100vw, 609px\" \/><figcaption class=\"wp-element-caption\">Domi et Louisette<\/figcaption><\/figure>\n\n\n\n<p><\/p>\n<\/div><\/div>\n","protected":false},"excerpt":{"rendered":"<p>Tablette &#8211; Smartphone anim\u00e9 par Domi et Louisette Cette page est en cours \u00e9criture Vous voulez tout savoir sur votre smartphone, ses applications, son agenda, son appareil photo, vous allez apprendre tout sur cet ordinateur miniature int\u00e9grant un t\u00e9l\u00e9phone. Nous<\/p>\n","protected":false},"author":1,"featured_media":0,"parent":0,"menu_order":0,"comment_status":"closed","ping_status":"closed","template":"","meta":{"footnotes":""},"class_list":["post-112","page","type-page","status-publish","hentry"],"_links":{"self":[{"href":"https:\/\/club-informatique-chapelle-rablais.fr\/index.php\/wp-json\/wp\/v2\/pages\/112","targetHints":{"allow":["GET"]}}],"collection":[{"href":"https:\/\/club-informatique-chapelle-rablais.fr\/index.php\/wp-json\/wp\/v2\/pages"}],"about":[{"href":"https:\/\/club-informatique-chapelle-rablais.fr\/index.php\/wp-json\/wp\/v2\/types\/page"}],"author":[{"embeddable":true,"href":"https:\/\/club-informatique-chapelle-rablais.fr\/index.php\/wp-json\/wp\/v2\/users\/1"}],"replies":[{"embeddable":true,"href":"https:\/\/club-informatique-chapelle-rablais.fr\/index.php\/wp-json\/wp\/v2\/comments?post=112"}],"version-history":[{"count":5,"href":"https:\/\/club-informatique-chapelle-rablais.fr\/index.php\/wp-json\/wp\/v2\/pages\/112\/revisions"}],"predecessor-version":[{"id":317,"href":"https:\/\/club-informatique-chapelle-rablais.fr\/index.php\/wp-json\/wp\/v2\/pages\/112\/revisions\/317"}],"wp:attachment":[{"href":"https:\/\/club-informatique-chapelle-rablais.fr\/index.php\/wp-json\/wp\/v2\/media?parent=112"}],"curies":[{"name":"wp","href":"https:\/\/api.w.org\/{rel}","templated":true}]}}