{"id":124,"date":"2022-10-06T16:02:28","date_gmt":"2022-10-06T14:02:28","guid":{"rendered":"http:\/\/club-informatique-chapelle-rablais.fr\/?page_id=124"},"modified":"2025-11-02T10:58:07","modified_gmt":"2025-11-02T09:58:07","slug":"debutant","status":"publish","type":"page","link":"https:\/\/club-informatique-chapelle-rablais.fr\/index.php\/debutant\/","title":{"rendered":"D\u00e9butant"},"content":{"rendered":"\n<p>Cette page est en cours \u00e9criture<\/p>\n\n\n\n<h2 class=\"has-text-align-center has-white-color has-text-color has-background has-large-font-size wp-block-heading\" style=\"background:radial-gradient(rgb(6,147,227) 26%,rgb(155,81,224) 100%)\">D\u00e9butant anim\u00e9 par Louisette et Domi<\/h2>\n\n\n\n<p class=\"has-medium-font-size\"><\/p>\n\n\n\n<p class=\"has-text-align-center has-medium-font-size\"><strong>M\u00eame si vous n\u2019avez jamais touch\u00e9 un ordinateur, Louisette et Dominique vous apprendront \u00e0 :<\/strong><\/p>\n\n\n\n<ul class=\"has-medium-font-size wp-block-list\">\n<li><strong>Manier la souris,<\/strong><\/li>\n\n\n\n<li><strong>&nbsp;&nbsp;Vous familiariser avec le clavier<\/strong><\/li>\n\n\n\n<li><strong>&nbsp;&nbsp;Explorer toutes les myst\u00e8res du pack office (Word, Excel, PowerPoint et Publisher)<\/strong><\/li>\n\n\n\n<li><strong>Surfer sur internet<\/strong><\/li>\n<\/ul>\n\n\n\n<p class=\"has-text-align-center has-medium-font-size\"><strong>Tout cela, dans une ambiance amicale et ludique.<\/strong><\/p>\n\n\n\n<div class=\"wp-block-media-text alignwide is-stacked-on-mobile is-vertically-aligned-center\" style=\"grid-template-columns:21% auto\"><figure class=\"wp-block-media-text__media\"><img loading=\"lazy\" decoding=\"async\" width=\"893\" height=\"1024\" src=\"https:\/\/club-informatique-chapelle-rablais.fr\/wp-content\/uploads\/2022\/11\/louisette2.1jpg-893x1024.jpg\" alt=\"\" class=\"wp-image-247 size-full\" srcset=\"https:\/\/club-informatique-chapelle-rablais.fr\/wp-content\/uploads\/2022\/11\/louisette2.1jpg-893x1024.jpg 893w, https:\/\/club-informatique-chapelle-rablais.fr\/wp-content\/uploads\/2022\/11\/louisette2.1jpg-262x300.jpg 262w, https:\/\/club-informatique-chapelle-rablais.fr\/wp-content\/uploads\/2022\/11\/louisette2.1jpg-768x881.jpg 768w, https:\/\/club-informatique-chapelle-rablais.fr\/wp-content\/uploads\/2022\/11\/louisette2.1jpg-1340x1536.jpg 1340w, https:\/\/club-informatique-chapelle-rablais.fr\/wp-content\/uploads\/2022\/11\/louisette2.1jpg.jpg 1494w\" sizes=\"auto, (max-width: 893px) 100vw, 893px\" \/><\/figure><div class=\"wp-block-media-text__content\">\n<p><\/p>\n\n\n\n<p><\/p>\n\n\n<div class=\"wp-block-image\">\n<figure class=\"aligncenter size-large is-resized\"><img loading=\"lazy\" decoding=\"async\" src=\"https:\/\/club-informatique-chapelle-rablais.fr\/wp-content\/uploads\/2022\/12\/Domi-1.1-867x1024.jpg\" alt=\"\" class=\"wp-image-266\" width=\"256\" height=\"301\" srcset=\"https:\/\/club-informatique-chapelle-rablais.fr\/wp-content\/uploads\/2022\/12\/Domi-1.1-867x1024.jpg 867w, https:\/\/club-informatique-chapelle-rablais.fr\/wp-content\/uploads\/2022\/12\/Domi-1.1-254x300.jpg 254w, https:\/\/club-informatique-chapelle-rablais.fr\/wp-content\/uploads\/2022\/12\/Domi-1.1-768x907.jpg 768w, https:\/\/club-informatique-chapelle-rablais.fr\/wp-content\/uploads\/2022\/12\/Domi-1.1-1301x1536.jpg 1301w, https:\/\/club-informatique-chapelle-rablais.fr\/wp-content\/uploads\/2022\/12\/Domi-1.1-1735x2048.jpg 1735w\" sizes=\"auto, (max-width: 256px) 100vw, 256px\" \/><\/figure><\/div>\n\n\n<p><\/p>\n<\/div><\/div>\n","protected":false},"excerpt":{"rendered":"<p>Cette page est en cours \u00e9criture D\u00e9butant anim\u00e9 par Louisette et Domi M\u00eame si vous n\u2019avez jamais touch\u00e9 un ordinateur, Louisette et Dominique vous apprendront \u00e0 : Tout cela, dans une ambiance amicale et ludique.<\/p>\n","protected":false},"author":1,"featured_media":0,"parent":0,"menu_order":0,"comment_status":"closed","ping_status":"closed","template":"","meta":{"footnotes":""},"class_list":["post-124","page","type-page","status-publish","hentry"],"_links":{"self":[{"href":"https:\/\/club-informatique-chapelle-rablais.fr\/index.php\/wp-json\/wp\/v2\/pages\/124","targetHints":{"allow":["GET"]}}],"collection":[{"href":"https:\/\/club-informatique-chapelle-rablais.fr\/index.php\/wp-json\/wp\/v2\/pages"}],"about":[{"href":"https:\/\/club-informatique-chapelle-rablais.fr\/index.php\/wp-json\/wp\/v2\/types\/page"}],"author":[{"embeddable":true,"href":"https:\/\/club-informatique-chapelle-rablais.fr\/index.php\/wp-json\/wp\/v2\/users\/1"}],"replies":[{"embeddable":true,"href":"https:\/\/club-informatique-chapelle-rablais.fr\/index.php\/wp-json\/wp\/v2\/comments?post=124"}],"version-history":[{"count":18,"href":"https:\/\/club-informatique-chapelle-rablais.fr\/index.php\/wp-json\/wp\/v2\/pages\/124\/revisions"}],"predecessor-version":[{"id":327,"href":"https:\/\/club-informatique-chapelle-rablais.fr\/index.php\/wp-json\/wp\/v2\/pages\/124\/revisions\/327"}],"wp:attachment":[{"href":"https:\/\/club-informatique-chapelle-rablais.fr\/index.php\/wp-json\/wp\/v2\/media?parent=124"}],"curies":[{"name":"wp","href":"https:\/\/api.w.org\/{rel}","templated":true}]}}