{"id":253,"date":"2022-11-30T17:11:01","date_gmt":"2022-11-30T16:11:01","guid":{"rendered":"https:\/\/club-informatique-chapelle-rablais.fr\/?page_id=253"},"modified":"2022-12-09T22:50:50","modified_gmt":"2022-12-09T21:50:50","slug":"agenda","status":"publish","type":"page","link":"https:\/\/club-informatique-chapelle-rablais.fr\/index.php\/agenda\/","title":{"rendered":"Agenda"},"content":{"rendered":"\n<p class=\"has-black-color has-text-color has-background has-medium-font-size\" style=\"background:radial-gradient(rgb(6,147,227) 44%,rgb(155,81,224) 100%)\">Retrouvez tous nos rendez-vous et \u00e9v\u00e8nements tout au long de l&rsquo;ann\u00e9e.<\/p>\n\n\n\n<p><\/p>\n\n\n\n<iframe loading=\"lazy\" src=\"https:\/\/calendar.google.com\/calendar\/embed?src=cri.accueil%40gmail.com&amp;ctz=Europe%2FParis\" style=\"border: 0\" scrolling=\"no\" width=\"1400\" height=\"1000\" frameborder=\"0\" display=\"center\"><\/iframe>\n","protected":false},"excerpt":{"rendered":"<p>Retrouvez tous nos rendez-vous et \u00e9v\u00e8nements tout au long de l&rsquo;ann\u00e9e.<\/p>\n","protected":false},"author":3,"featured_media":0,"parent":0,"menu_order":0,"comment_status":"closed","ping_status":"closed","template":"","meta":{"footnotes":""},"class_list":["post-253","page","type-page","status-publish","hentry"],"_links":{"self":[{"href":"https:\/\/club-informatique-chapelle-rablais.fr\/index.php\/wp-json\/wp\/v2\/pages\/253","targetHints":{"allow":["GET"]}}],"collection":[{"href":"https:\/\/club-informatique-chapelle-rablais.fr\/index.php\/wp-json\/wp\/v2\/pages"}],"about":[{"href":"https:\/\/club-informatique-chapelle-rablais.fr\/index.php\/wp-json\/wp\/v2\/types\/page"}],"author":[{"embeddable":true,"href":"https:\/\/club-informatique-chapelle-rablais.fr\/index.php\/wp-json\/wp\/v2\/users\/3"}],"replies":[{"embeddable":true,"href":"https:\/\/club-informatique-chapelle-rablais.fr\/index.php\/wp-json\/wp\/v2\/comments?post=253"}],"version-history":[{"count":9,"href":"https:\/\/club-informatique-chapelle-rablais.fr\/index.php\/wp-json\/wp\/v2\/pages\/253\/revisions"}],"predecessor-version":[{"id":336,"href":"https:\/\/club-informatique-chapelle-rablais.fr\/index.php\/wp-json\/wp\/v2\/pages\/253\/revisions\/336"}],"wp:attachment":[{"href":"https:\/\/club-informatique-chapelle-rablais.fr\/index.php\/wp-json\/wp\/v2\/media?parent=253"}],"curies":[{"name":"wp","href":"https:\/\/api.w.org\/{rel}","templated":true}]}}