{"id":40,"date":"2022-10-06T13:51:21","date_gmt":"2022-10-06T11:51:21","guid":{"rendered":"http:\/\/club-informatique-chapelle-rablais.fr\/?page_id=40"},"modified":"2025-09-30T19:18:50","modified_gmt":"2025-09-30T17:18:50","slug":"accueil-2","status":"publish","type":"page","link":"https:\/\/club-informatique-chapelle-rablais.fr\/","title":{"rendered":"Accueil"},"content":{"rendered":"<div id=\"metaslider-id-407\" style=\"width: 100%; margin: 0 auto;\" class=\"ml-slider-3-29-0 metaslider metaslider-flex metaslider-407 ml-slider\">\n    <div id=\"metaslider_container_407\">\n        <div id=\"metaslider_407\">\n            <ul aria-live=\"polite\" class=\"slides\">\n                <li style=\"display: none; width: 100%;\" class=\"slide-408 ms-image\"><img loading=\"lazy\" decoding=\"async\" src=\"https:\/\/club-informatique-chapelle-rablais.fr\/wp-content\/uploads\/2023\/03\/logo-1200x600px-2-1200x650.jpg\" height=\"650\" width=\"1200\" alt=\"\" class=\"slider-407 slide-408\" title=\"logo 1200x600px\" \/><\/li>\n                <li style=\"display: none; width: 100%;\" class=\"slide-410 ms-image\"><img loading=\"lazy\" decoding=\"async\" src=\"https:\/\/club-informatique-chapelle-rablais.fr\/wp-content\/uploads\/2023\/03\/Bureau-1200x600px-1200x650.jpg\" height=\"650\" width=\"1200\" alt=\"\" class=\"slider-407 slide-410\" title=\"Bureau 1200x600px\" \/><\/li>\n                <li style=\"display: none; width: 100%;\" class=\"slide-411 ms-image\"><img loading=\"lazy\" decoding=\"async\" src=\"https:\/\/club-informatique-chapelle-rablais.fr\/wp-content\/uploads\/2023\/03\/ecran-1200x600px-1200x650.jpg\" height=\"650\" width=\"1200\" alt=\"\" class=\"slider-407 slide-411\" title=\"ecran 1200x600px\" \/><\/li>\n                <li style=\"display: none; width: 100%;\" class=\"slide-412 ms-image\"><img loading=\"lazy\" decoding=\"async\" src=\"https:\/\/club-informatique-chapelle-rablais.fr\/wp-content\/uploads\/2023\/03\/Ecole-Montils-1200x600px-1200x650.jpg\" height=\"650\" width=\"1200\" alt=\"\" class=\"slider-407 slide-412\" title=\"Ecole Montils 1200x600px\" \/><\/li>\n                <li style=\"display: none; width: 100%;\" class=\"slide-413 ms-image\"><img loading=\"lazy\" decoding=\"async\" src=\"https:\/\/club-informatique-chapelle-rablais.fr\/wp-content\/uploads\/2023\/03\/salle-pc-1200x600px-1200x650.jpg\" height=\"650\" width=\"1200\" alt=\"\" class=\"slider-407 slide-413\" title=\"salle pc 1200x600px\" \/><\/li>\n                <li style=\"display: none; width: 100%;\" class=\"slide-440 ms-image\"><img loading=\"lazy\" decoding=\"async\" src=\"https:\/\/club-informatique-chapelle-rablais.fr\/wp-content\/uploads\/2023\/03\/ios-1200x600px-1200x650.jpg\" height=\"650\" width=\"1200\" alt=\"\" class=\"slider-407 slide-440\" title=\"ios 1200x600px\" \/><\/li>\n            <\/ul>\n        <\/div>\n        \n    <\/div>\n<\/div>\n\n\n\n<div style=\"height:100px\" aria-hidden=\"true\" class=\"wp-block-spacer\"><\/div>\n\n\n\n<h2 class=\"wp-block-heading has-text-align-center\"><strong>Notre projet<\/strong><\/h2>\n\n\n\n<p class=\"has-text-align-center\">Nous souhaitons dynamiser notre village et favoriser l&rsquo;acc\u00e8s aux nouvelles technologies aux jeunes <\/p>\n\n\n\n<p class=\"has-text-align-center\">et moins jeunes \u00e0 travers des s\u00e9ances d&rsquo;informatique dispens\u00e9es par des b\u00e9n\u00e9voles.<\/p>\n\n\n\n<p class=\"has-text-align-center\">Permettre \u00e0 tout \u00e0 chacun de devenir autonome avec son ordinateur, sa tablette ou son smartphone : <\/p>\n\n\n\n<p class=\"has-text-align-center\">surfer sur le net, prendre un rendez-vous, faire des achats, d\u00e9clarer ses imp\u00f4ts, jouer, etc&#8230;<\/p>\n\n\n\n<p class=\"has-text-align-center\">Nos cours sont class\u00e9s par th\u00e8me et sont accessibles avec la m\u00eame cotisation de <strong>55\u20ac par an.<\/strong><\/p>\n\n\n\n<p><\/p>\n\n\n\n<div style=\"height:100px\" aria-hidden=\"true\" class=\"wp-block-spacer\"><\/div>\n\n\n\n<div class=\"wp-block-columns is-layout-flex wp-container-core-columns-is-layout-9d6595d7 wp-block-columns-is-layout-flex\">\n<div class=\"wp-block-column is-layout-flow wp-block-column-is-layout-flow\" style=\"flex-basis:50%\">\n<div class=\"wp-block-columns is-layout-flex wp-container-core-columns-is-layout-9d6595d7 wp-block-columns-is-layout-flex\">\n<div class=\"wp-block-column has-white-background-color has-background is-layout-flow wp-block-column-is-layout-flow\" style=\"flex-basis:100%\">\n<h2 class=\"wp-block-heading has-text-align-center has-black-color has-white-background-color has-text-color has-background\"><strong>Actualit\u00e9s<\/strong><\/h2>\n\n\n\n<p class=\"has-text-align-center\">Reprise des cours le <strong>lundi 29 septembre 2025<\/strong><\/p>\n\n\n\n<p class=\"has-text-align-center\">Retrouvez notre planning sur notre page <a rel=\"noreferrer noopener\" href=\"https:\/\/club-informatique-chapelle-rablais.fr\/index.php\/cours\/\" data-type=\"URL\" data-id=\"https:\/\/club-informatique-chapelle-rablais.fr\/index.php\/cours\/\" target=\"_blank\">cours<\/a><\/p>\n\n\n\n<p><\/p>\n<\/div>\n<\/div>\n<\/div>\n\n\n\n<div class=\"wp-block-column is-layout-flow wp-block-column-is-layout-flow\" style=\"flex-basis:50%\">\n<figure class=\"wp-block-gallery has-nested-images columns-default is-cropped wp-block-gallery-1 is-layout-flex wp-block-gallery-is-layout-flex\">\n<figure class=\"wp-block-image size-large\"><img loading=\"lazy\" decoding=\"async\" width=\"684\" height=\"274\" data-id=\"36\" src=\"https:\/\/club-informatique-chapelle-rablais.fr\/wp-content\/uploads\/2022\/10\/20200129_190118000_ios.webp\" alt=\"\" class=\"wp-image-36\" srcset=\"https:\/\/club-informatique-chapelle-rablais.fr\/wp-content\/uploads\/2022\/10\/20200129_190118000_ios.webp 684w, https:\/\/club-informatique-chapelle-rablais.fr\/wp-content\/uploads\/2022\/10\/20200129_190118000_ios-300x120.webp 300w\" sizes=\"auto, (max-width: 684px) 100vw, 684px\" \/><\/figure>\n<\/figure>\n<\/div>\n<\/div>\n\n\n\n<p><\/p>\n","protected":false},"excerpt":{"rendered":"<p>Club informatique chapelle Rablais &#8211; Page accueil &#8211; Les actualit\u00e9s <\/p>\n","protected":false},"author":1,"featured_media":0,"parent":0,"menu_order":0,"comment_status":"closed","ping_status":"closed","template":"","meta":{"footnotes":""},"class_list":["post-40","page","type-page","status-publish","hentry"],"_links":{"self":[{"href":"https:\/\/club-informatique-chapelle-rablais.fr\/index.php\/wp-json\/wp\/v2\/pages\/40","targetHints":{"allow":["GET"]}}],"collection":[{"href":"https:\/\/club-informatique-chapelle-rablais.fr\/index.php\/wp-json\/wp\/v2\/pages"}],"about":[{"href":"https:\/\/club-informatique-chapelle-rablais.fr\/index.php\/wp-json\/wp\/v2\/types\/page"}],"author":[{"embeddable":true,"href":"https:\/\/club-informatique-chapelle-rablais.fr\/index.php\/wp-json\/wp\/v2\/users\/1"}],"replies":[{"embeddable":true,"href":"https:\/\/club-informatique-chapelle-rablais.fr\/index.php\/wp-json\/wp\/v2\/comments?post=40"}],"version-history":[{"count":24,"href":"https:\/\/club-informatique-chapelle-rablais.fr\/index.php\/wp-json\/wp\/v2\/pages\/40\/revisions"}],"predecessor-version":[{"id":485,"href":"https:\/\/club-informatique-chapelle-rablais.fr\/index.php\/wp-json\/wp\/v2\/pages\/40\/revisions\/485"}],"wp:attachment":[{"href":"https:\/\/club-informatique-chapelle-rablais.fr\/index.php\/wp-json\/wp\/v2\/media?parent=40"}],"curies":[{"name":"wp","href":"https:\/\/api.w.org\/{rel}","templated":true}]}}